{"id":7550,"date":"2025-04-21T12:53:50","date_gmt":"2025-04-21T11:53:50","guid":{"rendered":"http:\/\/develop.teammuenchen.de\/?p=7550"},"modified":"2026-02-10T22:26:37","modified_gmt":"2026-02-10T21:26:37","slug":"terminate","status":"publish","type":"page","link":"https:\/\/teammuenchen.de\/en\/verein\/mitgliedschaft\/beenden\/","title":{"rendered":"Cancel Membership"},"content":{"rendered":"\n<div class=\"wp-block-group alignwide has-global-padding is-layout-constrained wp-container-core-group-is-layout-36580dce wp-block-group-is-layout-constrained\" style=\"padding-top:60px;padding-right:20px;padding-bottom:60px;padding-left:20px\">\n<h2 class=\"wp-block-heading\">Mitgliedschaft beenden<\/h2>\n\n\n\n<p class=\"has-contrast-3-color has-text-color has-link-color wp-elements-7e2ab32840700478e6a50029f9ec9488\">Wir bedauern sehr, dass du deine Mitgliedschaft bei uns k\u00fcndigen und uns verlassen m\u00f6chtest.<\/p>\n\n\n\n<p>Damit wir deine K\u00fcndigung bearbeiten k\u00f6nnen, bitten wir dich, das untenstehendes Online-Formular vollst\u00e4ndig auszuf\u00fcllen.<\/p>\n\n\n\n<p>Falls du deine K\u00fcndigung noch einmal \u00fcberdenken m\u00f6chtest oder Fragen und Anmerkungen zu deiner Mitgliedschaft hast, kannst du uns jederzeit per E-Mail kontaktieren. <\/p>\n\n\n\n<p class=\"has-text-align-left has-link-color wp-elements-b380ea0c6df6d1871c291f5aa0508462\">\u00a0<a href=\"mailto:%20mitgliederbetreuung@teammuenchen.de\"><\/a><a href=\"mailto:mitgliederbetreuung@teammuenchen.de\">mitgliederbetreuung@teammuenchen.de<\/a><\/p>\n<\/div>\n\n\n\n<div class=\"wp-block-group has-global-padding is-layout-constrained wp-container-core-group-is-layout-3b0f2f7d wp-block-group-is-layout-constrained\" style=\"padding-right:20px;padding-left:20px\">\n<div class=\"wp-block-group has-border-color has-accent-border-color has-global-padding is-layout-constrained wp-container-core-group-is-layout-c26d84bb wp-block-group-is-layout-constrained\" style=\"border-width:2px;border-radius:8px;padding-top:30px;padding-right:30px;padding-bottom:30px;padding-left:30px\">\n<h2 class=\"wp-block-heading\">K\u00fcndigungsformular<\/h2>\n\n\n\n<div style=\"height:20px\" aria-hidden=\"true\" class=\"wp-block-spacer\"><\/div>\n\n\n<style id=\"fluentform-block-custom-styles-5\">.fluentform.fluentform_wrapper_5.ff_guten_block.ff_guten_block-5 .ff-el-input--label label { font-size: 16px; font-weight: 400; }\n.fluentform.fluentform_wrapper_5.ff_guten_block.ff_guten_block-5 .ff-el-form-control, .fluentform.fluentform_wrapper_5.ff_guten_block.ff_guten_block-5 .ff-el-input--content input, .fluentform.fluentform_wrapper_5.ff_guten_block.ff_guten_block-5 .ff-el-input--content textarea, .fluentform.fluentform_wrapper_5.ff_guten_block.ff_guten_block-5 .ff-el-input--content select { padding-top: 10px; padding-right: 20px; padding-bottom: 10px; padding-left: 20px; }\n.fluentform.fluentform_wrapper_5.ff_guten_block.ff_guten_block-5 .ff-el-form-control, .fluentform.fluentform_wrapper_5.ff_guten_block.ff_guten_block-5 .ff-el-input--content input, .fluentform.fluentform_wrapper_5.ff_guten_block.ff_guten_block-5 .ff-el-input--content textarea, .fluentform.fluentform_wrapper_5.ff_guten_block.ff_guten_block-5 .ff-el-input--content select { color: #69696e; background-color: #f7f7fa; font-size: 16px; font-weight: 400; }\n.fluentform.fluentform_wrapper_5.ff_guten_block.ff_guten_block-5 .ff-el-form-control, .fluentform.fluentform_wrapper_5.ff_guten_block.ff_guten_block-5 .ff-el-input--content input, .fluentform.fluentform_wrapper_5.ff_guten_block.ff_guten_block-5 .ff-el-input--content textarea, .fluentform.fluentform_wrapper_5.ff_guten_block.ff_guten_block-5 .ff-el-input--content select { border-style: solid; border-color: #ffffff00; border-width: 0px; border-radius: 5px; }\n.fluentform.fluentform_wrapper_5.ff_guten_block.ff_guten_block-5 .ff-el-input--content input::placeholder, .fluentform.fluentform_wrapper_5.ff_guten_block.ff_guten_block-5 .ff-el-input--content textarea::placeholder { color: #91919680; }\n.fluentform.fluentform_wrapper_5.ff_guten_block.ff_guten_block-5 .ff-el-input--content input::placeholder, .fluentform.fluentform_wrapper_5.ff_guten_block.ff_guten_block-5 .ff-el-input--content textarea::placeholder { font-weight: 400; }\n.fluentform.fluentform_wrapper_5.ff_guten_block.ff_guten_block-5 .ff_submit_btn_wrapper .ff-btn-submit { padding-top: 10px; padding-right: 20px; padding-bottom: 10px; padding-left: 20px; }\n.fluentform.fluentform_wrapper_5.ff_guten_block.ff_guten_block-5 .ff_submit_btn_wrapper .ff-btn-submit { color: #ffffff; background-color: #5a95ff; font-size: 16px; font-weight: 500; }\n.fluentform.fluentform_wrapper_5.ff_guten_block.ff_guten_block-5 .ff_submit_btn_wrapper .ff-btn-submit { border-style: solid; border-color: #dddddd; border-width: 0px; border-radius: 5px; }\n.fluentform.fluentform_wrapper_5.ff_guten_block.ff_guten_block-5 .ff_submit_btn_wrapper .ff-btn-submit:hover { color: #ffffff; background-color: #919196; }\n.fluentform.fluentform_wrapper_5.ff_guten_block.ff_guten_block-5 .ff-el-form-check label { color: #919196; font-size: 16px;; }\n.fluentform.fluentform_wrapper_5.ff_guten_block.ff_guten_block-5 .asterisk-right label:after, .fluentform.fluentform_wrapper_5.ff_guten_block.ff_guten_block-5 .asterisk-left label:before { color: #ff000000; }\n<\/style><div class='fluentform ff-inherit-theme-style fluentform_wrapper_5  ff_guten_block ff_guten_block-5'><form data-form_id=\"5\" id=\"fluentform_5\" class=\"frm-fluent-form fluent_form_5 ff-el-form-top ff_form_instance_5_1 ff-form-loading ffs_inherit_theme\" data-form_instance=\"ff_form_instance_5_1\" method=\"POST\" data-turnstile_key=\"0x4AAAAAACC7kGAk0f01ab1j\" ><fieldset  style=\"border: none!important;margin: 0!important;padding: 0!important;background-color: transparent!important;box-shadow: none!important;outline: none!important; min-inline-size: 100%;\">\n                    <legend class=\"ff_screen_reader_title\" style=\"display: block; margin: 0!important;padding: 0!important;height: 0!important;text-indent: -999999px;width: 0!important;overflow:hidden;\">K\u00fcndigung Mitgliedschaft<\/legend><input type='hidden' name='__fluent_form_embded_post_id' value='7550' \/><input type=\"hidden\" id=\"_fluentform_5_fluentformnonce\" name=\"_fluentform_5_fluentformnonce\" value=\"a1b18f4dc6\" \/><input type=\"hidden\" name=\"_wp_http_referer\" value=\"\/en\/wp-json\/wp\/v2\/pages\/7550\" \/><div class='ff-el-group  ff-custom_html' tabindex='-1' data-name=\"custom_html-5_1\" ><!-- wp:paragraph {\"style\":{\"typography\":{\"fontSize\":\"18px\",\"fontStyle\":\"normal\",\"fontWeight\":\"600\"},\"elements\":{\"link\":{\"color\":{\"text\":\"var:preset|color|accent\"}}}},\"textColor\":\"accent\"} -->\n<p class=\"has-accent-color has-text-color has-link-color\" style=\"font-size: 18px;font-style: normal;font-weight: 600\">Pers\u00f6nliche Daten<\/p>\n<!-- \/wp:paragraph --><\/div><div data-type=\"name-element\" data-name=\"names\" class=\" ff-field_container ff-name-field-wrapper\" ><div class='ff-t-container'><div class='ff-t-cell '><div class='ff-el-group  ff-el-form-hide_label'><div class=\"ff-el-input--label ff-el-is-required asterisk-right\"><label for='ff_5_names_first_name_' id='label_ff_5_names_first_name_' >Vorname<\/label><\/div><div class='ff-el-input--content'><input type=\"text\" name=\"names[first_name]\" id=\"ff_5_names_first_name_\" class=\"ff-el-form-control\" placeholder=\"Vorname\" aria-invalid=\"false\" aria-required=true><\/div><\/div><\/div><div class='ff-t-cell '><div class='ff-el-group  ff-el-form-hide_label'><div class=\"ff-el-input--label ff-el-is-required asterisk-right\"><label for='ff_5_names_last_name_' id='label_ff_5_names_last_name_' >Vorname<\/label><\/div><div class='ff-el-input--content'><input type=\"text\" name=\"names[last_name]\" id=\"ff_5_names_last_name_\" class=\"ff-el-form-control\" placeholder=\"Nachname\" aria-invalid=\"false\" aria-required=true><\/div><\/div><\/div><\/div><\/div><div data-name=\"ff_cn_id_1\"  class='ff-t-container ff-column-container ff_columns_total_2 '><div class='ff-t-cell ff-t-column-1' style='flex-basis: 50%;'><div class='ff-el-group ff-el-form-hide_label'><div class=\"ff-el-input--label ff-el-is-required asterisk-right\"><label for='ff_5_birthdate' id='label_ff_5_birthdate' aria-label=\"Geburtstatum\">Geburtstatum<\/label><\/div><div class='ff-el-input--content'><input  aria-label='Geburtstatum Use arrow keys to navigate dates. Press enter to select a date.'  aria-haspopup='dialog' data-type-datepicker data-format='d.m.Y' type=\"text\" name=\"birthdate\" id=\"ff_5_birthdate\" class=\"ff-el-form-control ff-el-datepicker\" placeholder=\"Geburtstatum\" data-name=\"birthdate\"  aria-invalid='false' aria-required=true><\/div><\/div><\/div><div class='ff-t-cell ff-t-column-2' style='flex-basis: 50%;'><div class='ff-el-group ff-el-form-hide_label'><div class=\"ff-el-input--label asterisk-right\"><label for='ff_5_member_number' id='label_ff_5_member_number' aria-label=\"Mitglieds-Nr.\">Mitglieds-Nr.<\/label><\/div><div class='ff-el-input--content'><input type=\"number\" name=\"member_number\" id=\"ff_5_member_number\" class=\"ff-el-form-control\" placeholder=\"Mitglieds-Nr.\" data-name=\"member_number\" inputmode=\"numeric\" step=\"1\"  aria-invalid=\"false\" aria-required=false><\/div><\/div><\/div><\/div><div class='ff-el-group ff-el-form-hide_label'><div class=\"ff-el-input--label ff-el-is-required asterisk-right\"><label for='ff_5_email' id='label_ff_5_email' aria-label=\"E-Mail-Adresse\">E-Mail-Adresse<\/label><\/div><div class='ff-el-input--content'><input type=\"email\" name=\"email\" class=\"ff-el-form-control\" id=\"ff_5_email\" placeholder=\"E-Mail-Adresse\" data-name=\"email\"  aria-invalid=\"false\" aria-required=true><\/div><\/div><div class='ff-el-group  ff-custom_html' tabindex='-1' data-name=\"custom_html-5_2\" ><!-- wp:spacer {\"height\":\"40px\"} -->\n<div class=\"wp-block-spacer\" style=\"height: 40px\" aria-hidden=\"true\">\u00a0<\/div>\n<!-- \/wp:spacer -->\n\n<!-- wp:group {\"style\":{\"color\":{\"background\":\"#28236921\"}},\"layout\":{\"type\":\"constrained\"}} -->\n<div class=\"wp-block-group has-background\" style=\"background-color: #28236921\"><!-- wp:spacer {\"height\":\"2px\"} -->\n<div class=\"wp-block-spacer\" style=\"height: 2px\" aria-hidden=\"true\">\u00a0<\/div>\n<!-- \/wp:spacer --><\/div>\n<!-- \/wp:group -->\n\n<!-- wp:spacer {\"height\":\"40px\"} -->\n<div class=\"wp-block-spacer\" style=\"height: 40px\" aria-hidden=\"true\">\u00a0<\/div>\n<!-- \/wp:spacer -->\n\n<!-- wp:paragraph {\"style\":{\"typography\":{\"fontSize\":\"18px\",\"fontStyle\":\"normal\",\"fontWeight\":\"600\"},\"elements\":{\"link\":{\"color\":{\"text\":\"var:preset|color|accent\"}}}},\"textColor\":\"accent\"} -->\n<p class=\"has-accent-color has-text-color has-link-color\" style=\"font-size: 18px;font-style: normal;font-weight: 600\">K\u00fcndigung<\/p>\n<!-- \/wp:paragraph --><\/div><div class='ff-el-group ff-el-form-hide_label'><div class=\"ff-el-input--label ff-el-is-required asterisk-right\"><label for='' id='label_' aria-label=\"K\u00fcndigung  Mitgliedschaft\">K\u00fcndigung  Mitgliedschaft<\/label><\/div><div class='ff-el-input--content'><div class='ff-el-form-check'><label class='ff-el-form-check-label' for='cancellation_1ea090d9da9292cd0bebff7426ca2b45'><input  name=\"cancellation[]\" class=\"ff-el-form-check-input ff-el-form-check-checkbox\" type=\"checkbox\" data-name=\"cancellation\" value=\"beantragt\"  id='cancellation_1ea090d9da9292cd0bebff7426ca2b45' aria-label='Hiermit k\u00fcndige ich meine Mitgliedschaft zum 31. 12., des aktuellen Jahres, bitte senden Sie mir eine K\u00fcndigungsbest\u00e4tigung per Mail zu.' aria-invalid='false' aria-required=true> <span>Hiermit k\u00fcndige ich meine Mitgliedschaft zum 31. 12., des aktuellen Jahres, bitte senden Sie mir eine K\u00fcndigungsbest\u00e4tigung per Mail zu.<\/span><\/label><\/div><\/div><\/div><div class='ff-el-group  ff-custom_html' tabindex='-1' data-name=\"custom_html-5_3\" ><!-- wp:spacer {\"height\":\"40px\"} -->\n<div class=\"wp-block-spacer\" style=\"height: 40px\" aria-hidden=\"true\">\u00a0<\/div>\n<!-- \/wp:spacer -->\n\n<!-- wp:group {\"style\":{\"color\":{\"background\":\"#28236921\"}},\"layout\":{\"type\":\"constrained\"}} -->\n<div class=\"wp-block-group has-background\" style=\"background-color: #28236921\"><!-- wp:spacer {\"height\":\"2px\"} -->\n<div class=\"wp-block-spacer\" style=\"height: 2px\" aria-hidden=\"true\">\u00a0<\/div>\n<!-- \/wp:spacer --><\/div>\n<!-- \/wp:group -->\n\n<!-- wp:spacer {\"height\":\"40px\"} -->\n<div class=\"wp-block-spacer\" style=\"height: 40px\" aria-hidden=\"true\">\u00a0<\/div>\n<!-- \/wp:spacer -->\n\n<!-- wp:paragraph {\"style\":{\"typography\":{\"fontSize\":\"18px\",\"fontStyle\":\"normal\",\"fontWeight\":\"600\"},\"elements\":{\"link\":{\"color\":{\"text\":\"var:preset|color|accent\"}}}},\"textColor\":\"accent\"} -->\n<p class=\"has-accent-color has-text-color has-link-color\" style=\"font-size: 18px;font-style: normal;font-weight: 600\">Austrittgrund<\/p>\n<!-- \/wp:paragraph --><\/div><div class='ff-el-group ff-el-form-hide_label'><div class=\"ff-el-input--label ff-el-is-required asterisk-right\"><label for='' id='label_' aria-label=\"Austrittsgrund:\">Austrittsgrund:<\/label><\/div><div class='ff-el-input--content'><div class='ff-el-form-check'><label class='ff-el-form-check-label' for='reason_5b493192e81ecba57152d643f030729c'><input  name=\"reason[]\" class=\"ff-el-form-check-input ff-el-form-check-checkbox\" type=\"checkbox\" data-name=\"reason\" value=\"Umzug\"  id='reason_5b493192e81ecba57152d643f030729c' aria-label='Umzug' aria-invalid='false' aria-required=true> <span>Umzug<\/span><\/label><\/div><div class='ff-el-form-check'><label class='ff-el-form-check-label' for='reason_78dfd534821f2953d46ae6f6f5f4a49b'><input  name=\"reason[]\" class=\"ff-el-form-check-input ff-el-form-check-checkbox\" type=\"checkbox\" data-name=\"reason\" value=\"Gesundheitliche Gr\u00fcnde\"  id='reason_78dfd534821f2953d46ae6f6f5f4a49b' aria-label='Gesundheitliche Gr\u00fcnde' aria-invalid='false' aria-required=true> <span>Gesundheitliche Gr\u00fcnde<\/span><\/label><\/div><div class='ff-el-form-check'><label class='ff-el-form-check-label' for='reason_776872fb7b030cf06876248d9aca4fcf'><input  name=\"reason[]\" class=\"ff-el-form-check-input ff-el-form-check-checkbox\" type=\"checkbox\" data-name=\"reason\" value=\"Zeitliche Gr\u00fcnde\"  id='reason_776872fb7b030cf06876248d9aca4fcf' aria-label='Zeitliche Gr\u00fcnde' aria-invalid='false' aria-required=true> <span>Zeitliche Gr\u00fcnde<\/span><\/label><\/div><div class='ff-el-form-check'><label class='ff-el-form-check-label' for='reason_3d0e7224fb43c03771c54f7b3fda890f'><input  name=\"reason[]\" class=\"ff-el-form-check-input ff-el-form-check-checkbox\" type=\"checkbox\" data-name=\"reason\" value=\"Unzufriedenheit\"  id='reason_3d0e7224fb43c03771c54f7b3fda890f' aria-label='Unzufriedenheit' aria-invalid='false' aria-required=true> <span>Unzufriedenheit<\/span><\/label><\/div><div class='ff-el-form-check'><label class='ff-el-form-check-label' for='reason_f6bfcb86895e84771930527e402ad761'><input  name=\"reason[]\" class=\"ff-el-form-check-input ff-el-form-check-checkbox\" type=\"checkbox\" data-name=\"reason\" value=\"kein Interesse mehr\"  id='reason_f6bfcb86895e84771930527e402ad761' aria-label='kein Interesse mehr' aria-invalid='false' aria-required=true> <span>kein Interesse mehr<\/span><\/label><\/div><div class='ff-el-form-check'><label class='ff-el-form-check-label' for='reason_789d483f94c3a111e86aabae870f10ad'><input  name=\"reason[]\" class=\"ff-el-form-check-input ff-el-form-check-checkbox\" type=\"checkbox\" data-name=\"reason\" value=\"ich m\u00f6chte keine Angaben machen\"  id='reason_789d483f94c3a111e86aabae870f10ad' aria-label='ich m\u00f6chte keine Angaben machen' aria-invalid='false' aria-required=true> <span>ich m\u00f6chte keine Angaben machen<\/span><\/label><\/div><\/div><\/div><div class='ff-el-group  ff-custom_html' tabindex='-1' data-name=\"custom_html-5_4\" ><!-- wp:spacer {\"height\":\"40px\"} -->\n<div class=\"wp-block-spacer\" style=\"height: 40px\" aria-hidden=\"true\">\u00a0<\/div>\n<!-- \/wp:spacer -->\n\n<!-- wp:group {\"style\":{\"color\":{\"background\":\"#28236921\"}},\"layout\":{\"type\":\"constrained\"}} -->\n<div class=\"wp-block-group has-background\" style=\"background-color: #28236921\"><!-- wp:spacer {\"height\":\"2px\"} -->\n<div class=\"wp-block-spacer\" style=\"height: 2px\" aria-hidden=\"true\">\u00a0<\/div>\n<!-- \/wp:spacer --><\/div>\n<!-- \/wp:group -->\n\n<!-- wp:spacer {\"height\":\"40px\"} -->\n<div class=\"wp-block-spacer\" style=\"height: 40px\" aria-hidden=\"true\">\u00a0<\/div>\n<!-- \/wp:spacer -->\n\n<!-- wp:paragraph {\"style\":{\"typography\":{\"fontSize\":\"18px\",\"fontStyle\":\"normal\",\"fontWeight\":\"600\"},\"elements\":{\"link\":{\"color\":{\"text\":\"var:preset|color|accent\"}}}},\"textColor\":\"accent\"} -->\n<p class=\"has-accent-color has-text-color has-link-color\" style=\"font-size: 18px;font-style: normal;font-weight: 600\">F\u00f6rdermitgliedschaft<\/p>\n<!-- \/wp:paragraph --><\/div><div class='ff-el-group ff-el-form-hide_label'><div class=\"ff-el-input--label ff-el-is-required asterisk-right\"><label   aria-label=\"F\u00f6dermitgliedschaft\">F\u00f6dermitgliedschaft<\/label><\/div><div class='ff-el-input--content'><div class='ff-el-form-check ff-el-form-check-'><label class='ff-el-form-check-label' for='supporting_membership_eded11de1102a4e6c802bff96ff76bac'><input  name=\"supporting_membership\" class=\"ff-el-form-check-input ff-el-form-check-radio\" type=\"radio\" data-name=\"supporting_membership\" value=\"beantragt\"  id='supporting_membership_eded11de1102a4e6c802bff96ff76bac' aria-label='Ich m\u00f6chte weiterhin Team M\u00fcnchen als F\u00f6rdermitglied mit 40.00 \u20ac j\u00e4hrlich unterst\u00fctzen.' aria-invalid='false' aria-required=true> <span>Ich m\u00f6chte weiterhin Team M\u00fcnchen als F\u00f6rdermitglied mit 40.00 \u20ac j\u00e4hrlich unterst\u00fctzen.<\/span><\/label><\/div><div class='ff-el-form-check ff-el-form-check-'><label class='ff-el-form-check-label' for='supporting_membership_9c6e6368c69365a217e4177bcc0d0fac'><input  name=\"supporting_membership\" class=\"ff-el-form-check-input ff-el-form-check-radio\" type=\"radio\" data-name=\"supporting_membership\" value=\"nicht beantragt\"  id='supporting_membership_9c6e6368c69365a217e4177bcc0d0fac' aria-label='Nein, ich m\u00f6chte keine F\u00f6rdermitgliedschaft.' aria-invalid='false' aria-required=true> <span>Nein, ich m\u00f6chte keine F\u00f6rdermitgliedschaft.<\/span><\/label><\/div><\/div><\/div><div class='ff-el-group  ff-custom_html' tabindex='-1' data-name=\"custom_html-5_5\" ><!-- wp:spacer {\"height\":\"40px\"} -->\n<div class=\"wp-block-spacer\" style=\"height: 40px\" aria-hidden=\"true\">\u00a0<\/div>\n<!-- \/wp:spacer -->\n\n<!-- wp:group {\"style\":{\"color\":{\"background\":\"#28236921\"}},\"layout\":{\"type\":\"constrained\"}} -->\n<div class=\"wp-block-group has-background\" style=\"background-color: #28236921\"><!-- wp:spacer {\"height\":\"2px\"} -->\n<div class=\"wp-block-spacer\" style=\"height: 2px\" aria-hidden=\"true\">\u00a0<\/div>\n<!-- \/wp:spacer --><\/div>\n<!-- \/wp:group -->\n\n<!-- wp:spacer {\"height\":\"40px\"} -->\n<div class=\"wp-block-spacer\" style=\"height: 40px\" aria-hidden=\"true\">\u00a0<\/div>\n<!-- \/wp:spacer -->\n\n<!-- wp:paragraph {\"style\":{\"typography\":{\"fontSize\":\"18px\",\"fontStyle\":\"normal\",\"fontWeight\":\"600\"},\"elements\":{\"link\":{\"color\":{\"text\":\"var:preset|color|accent\"}}}},\"textColor\":\"accent\"} -->\n<p class=\"has-accent-color has-text-color has-link-color\" style=\"font-size: 18px;font-style: normal;font-weight: 600\">Feedback<\/p>\n<!-- \/wp:paragraph --><\/div><div class='ff-el-group ff-el-form-hide_label'><div class=\"ff-el-input--label asterisk-right\"><label for='ff_5_message' id='label_ff_5_message' aria-label=\"Feedback, Anregungen, etc.\">Feedback, Anregungen, etc. <\/label><\/div><div class='ff-el-input--content'><textarea aria-required=\"false\" aria-labelledby=\"label_ff_5_message\" name=\"message\" class=\"ff-el-form-control\" id=\"ff_5_message\" placeholder=\"Anregungen, Kritik, etc. \" cols=\"2\" data-name=\"message\" ><\/textarea><\/div><\/div><div class='ff-el-group  ff-custom_html' tabindex='-1' data-name=\"custom_html-5_6\" ><!-- wp:spacer {\"height\":\"40px\"} -->\n<div class=\"wp-block-spacer\" style=\"height: 40px\" aria-hidden=\"true\">\u00a0<\/div>\n<!-- \/wp:spacer --><\/div><div class='ff-el-group ff-el-form-hide_label'><div class=\"ff-el-input--label ff-el-is-required asterisk-right\"><label   aria-label=\"Datenschutz\">Datenschutz<\/label><\/div><div class='ff-el-input--content'><div class='ff-el-form-check ff-el-form-check-'><label class='ff-el-form-check-label' for='privacy_d6772645f0fdfb38e12e7731b5c886f1'><input  type=\"checkbox\" name=\"privacy[]\" data-name=\"privacy\" class=\"ff-el-form-check-input ff-el-form-check-checkbox\" value=\"akzeptiert\"  id='privacy_d6772645f0fdfb38e12e7731b5c886f1' aria-label='Ich kenne die Datenschutzvereinbarung und bin mit der Speicherung meiner Daten einverstanden.' aria-invalid='false' aria-required=true> <span>Ich kenne die Datenschutzvereinbarung und bin mit der Speicherung meiner Daten einverstanden.<\/span><\/label><\/div><\/div><\/div><div class='ff-el-group ff-text-left ff_submit_btn_wrapper ff_submit_btn_wrapper_custom'><button class=\"ff-btn ff-btn-submit ff-btn-md ff_btn_style\" type=\"submit\" name=\"custom_submit_button-5_7\" data-name=\"custom_submit_button-5_7\"  aria-label=\"Absenden\">Absenden<\/button><style>form.fluent_form_5 .ff-btn-submit { background-color: #1a7efb; color: #ffffff; }<\/style><\/div><div class='ff-el-group ' style='margin-bottom: 0;'><div class='ff-el-input--content'><div data-fluent_id='5' name='cf-turnstile-response'><div\n\t\tdata-sitekey='0x4AAAAAACC7kGAk0f01ab1j'\n\t\tdata-theme='auto'\n\t\tid='fluentform-turnstile-5-1'\n\t\tclass='ff-el-turnstile cf-turnstile'\n\t\tdata-appearance='interaction-only'><\/div><\/div><\/div><\/div><\/fieldset><\/form><div id='fluentform_5_errors' class='ff-errors-in-stack ff_form_instance_5_1 ff-form-loading_errors ff_form_instance_5_1_errors'><\/div><\/div>            <script type=\"text\/javascript\">\n                window.fluent_form_ff_form_instance_5_1 = {\"id\":\"5\",\"settings\":{\"layout\":{\"labelPlacement\":\"top\",\"asteriskPlacement\":\"asterisk-right\",\"helpMessagePlacement\":\"with_label\",\"errorMessagePlacement\":\"inline\",\"cssClassName\":\"\"},\"restrictions\":{\"denyEmptySubmission\":{\"enabled\":false}}},\"form_instance\":\"ff_form_instance_5_1\",\"form_id_selector\":\"fluentform_5\",\"rules\":{\"names[first_name]\":{\"required\":{\"value\":true,\"message\":\"Dieses Feld ist erforderlich\",\"global\":false,\"global_message\":\"Dieses Feld ist erforderlich\"}},\"names[]\":{\"required\":{\"value\":false,\"message\":\"Dieses Feld ist erforderlich\",\"global\":false,\"global_message\":\"Dieses Feld ist erforderlich\"}},\"names[last_name]\":{\"required\":{\"value\":true,\"message\":\"Dieses Feld ist erforderlich\",\"global\":false,\"global_message\":\"Dieses Feld ist erforderlich\"}},\"birthdate\":{\"required\":{\"value\":true,\"message\":\"Dieses Feld ist erforderlich\",\"global_message\":\"Dieses Feld ist erforderlich\",\"global\":true}},\"member_number\":{\"required\":{\"value\":false,\"message\":\"Dieses Feld ist erforderlich\",\"global\":false,\"global_message\":\"Dieses Feld ist erforderlich\"},\"numeric\":{\"value\":true,\"message\":\"Dieses Feld muss einen numerischen Wert enthalten\",\"global\":false,\"global_message\":\"Dieses Feld muss einen numerischen Wert enthalten\"},\"min\":{\"value\":\"\",\"message\":\"Minimum value is \",\"global\":false,\"global_message\":\"Validierung des Mindestwerts schl\\u00e4gt fehl\"},\"max\":{\"value\":\"\",\"message\":\"Maximum value is \",\"global\":false,\"global_message\":\"Validierung schl\\u00e4gt bei Maximalwert fehl\"}},\"email\":{\"required\":{\"value\":true,\"message\":\"This field is required\",\"global\":false,\"global_message\":\"Dieses Feld ist erforderlich\"},\"email\":{\"value\":true,\"message\":\"This field must contain a valid email\",\"global\":false,\"global_message\":\"Dieses Feld muss eine g\\u00fcltige E-Mail-Adresse enthalten\"}},\"cancellation\":{\"required\":{\"value\":true,\"message\":\"Dieses Feld ist erforderlich\",\"global\":false,\"global_message\":\"Dieses Feld ist erforderlich\"}},\"reason\":{\"required\":{\"value\":true,\"message\":\"Dieses Feld ist erforderlich\",\"global\":false,\"global_message\":\"Dieses Feld ist erforderlich\"}},\"supporting_membership\":{\"required\":{\"value\":true,\"message\":\"Dieses Feld ist erforderlich\",\"global\":false,\"global_message\":\"Dieses Feld ist erforderlich\"}},\"message\":{\"required\":{\"value\":false,\"message\":\"This field is required\",\"global\":false,\"global_message\":\"Dieses Feld ist erforderlich\"}},\"privacy\":{\"required\":{\"value\":true,\"message\":\"Dieses Feld ist erforderlich\",\"global_message\":\"Dieses Feld ist erforderlich\",\"global\":true}},\"cf-turnstile-response\":[]},\"debounce_time\":300};\n                            <\/script>\n            <\/div>\n<\/div>\n\n\n\n<p><\/p>\n","protected":false},"excerpt":{"rendered":"<p>Mitgliedschaft beenden Wir bedauern sehr, dass du deine Mitgliedschaft bei uns k\u00fcndigen und uns verlassen m\u00f6chtest. Damit wir deine K\u00fcndigung bearbeiten k\u00f6nnen, bitten wir dich, das untenstehendes Online-Formular vollst\u00e4ndig auszuf\u00fcllen. Falls du deine K\u00fcndigung noch einmal \u00fcberdenken m\u00f6chtest oder Fragen und Anmerkungen zu deiner Mitgliedschaft hast, kannst du uns jederzeit per E-Mail kontaktieren. \u00a0mitgliederbetreuung@teammuenchen.de K\u00fcndigungsformular<\/p>","protected":false},"author":25,"featured_media":0,"parent":7430,"menu_order":1,"comment_status":"closed","ping_status":"closed","template":"","meta":{"_acf_changed":false,"footnotes":""},"class_list":["post-7550","page","type-page","status-publish","hentry"],"acf":[],"_links":{"self":[{"href":"https:\/\/teammuenchen.de\/en\/wp-json\/wp\/v2\/pages\/7550","targetHints":{"allow":["GET"]}}],"collection":[{"href":"https:\/\/teammuenchen.de\/en\/wp-json\/wp\/v2\/pages"}],"about":[{"href":"https:\/\/teammuenchen.de\/en\/wp-json\/wp\/v2\/types\/page"}],"author":[{"embeddable":true,"href":"https:\/\/teammuenchen.de\/en\/wp-json\/wp\/v2\/users\/25"}],"replies":[{"embeddable":true,"href":"https:\/\/teammuenchen.de\/en\/wp-json\/wp\/v2\/comments?post=7550"}],"version-history":[{"count":0,"href":"https:\/\/teammuenchen.de\/en\/wp-json\/wp\/v2\/pages\/7550\/revisions"}],"up":[{"embeddable":true,"href":"https:\/\/teammuenchen.de\/en\/wp-json\/wp\/v2\/pages\/7430"}],"wp:attachment":[{"href":"https:\/\/teammuenchen.de\/en\/wp-json\/wp\/v2\/media?parent=7550"}],"curies":[{"name":"wp","href":"https:\/\/api.w.org\/{rel}","templated":true}]}}